{"id":76,"date":"2023-04-20T22:53:12","date_gmt":"2023-04-20T20:53:12","guid":{"rendered":"https:\/\/js-metalldesign.de\/?page_id=76"},"modified":"2023-04-29T11:45:43","modified_gmt":"2023-04-29T09:45:43","slug":"designbeispiele","status":"publish","type":"page","link":"https:\/\/js-metalldesign.de\/index.php\/designbeispiele\/","title":{"rendered":"Designbeispiele"},"content":{"rendered":"\n<p>K\u00fcche<img loading=\"lazy\" decoding=\"async\" width=\"500\" height=\"209\" class=\"wp-image-67\" style=\"width: 500px;\" src=\"https:\/\/js-metalldesign.de\/wp-content\/uploads\/2023\/04\/20230420_220458_resized.jpg\" alt=\"\" srcset=\"https:\/\/js-metalldesign.de\/wp-content\/uploads\/2023\/04\/20230420_220458_resized.jpg 2005w, https:\/\/js-metalldesign.de\/wp-content\/uploads\/2023\/04\/20230420_220458_resized-300x126.jpg 300w, https:\/\/js-metalldesign.de\/wp-content\/uploads\/2023\/04\/20230420_220458_resized-1024x429.jpg 1024w, https:\/\/js-metalldesign.de\/wp-content\/uploads\/2023\/04\/20230420_220458_resized-768x322.jpg 768w, https:\/\/js-metalldesign.de\/wp-content\/uploads\/2023\/04\/20230420_220458_resized-1536x644.jpg 1536w, https:\/\/js-metalldesign.de\/wp-content\/uploads\/2023\/04\/20230420_220458_resized-2000x840.jpg 2000w\" sizes=\"auto, (max-width: 500px) 100vw, 500px\" \/><\/p>\n\n\n\n<figure class=\"wp-block-image size-large\"><img loading=\"lazy\" decoding=\"async\" width=\"1024\" height=\"595\" src=\"https:\/\/js-metalldesign.de\/wp-content\/uploads\/2023\/04\/20230420_220726_resized-1024x595.jpg\" alt=\"\" class=\"wp-image-69\" srcset=\"https:\/\/js-metalldesign.de\/wp-content\/uploads\/2023\/04\/20230420_220726_resized-1024x595.jpg 1024w, https:\/\/js-metalldesign.de\/wp-content\/uploads\/2023\/04\/20230420_220726_resized-300x174.jpg 300w, https:\/\/js-metalldesign.de\/wp-content\/uploads\/2023\/04\/20230420_220726_resized-768x446.jpg 768w, https:\/\/js-metalldesign.de\/wp-content\/uploads\/2023\/04\/20230420_220726_resized-1536x893.jpg 1536w, https:\/\/js-metalldesign.de\/wp-content\/uploads\/2023\/04\/20230420_220726_resized.jpg 2048w\" sizes=\"auto, (max-width: 767px) 89vw, (max-width: 1000px) 54vw, (max-width: 1071px) 543px, 580px\" \/><figcaption class=\"wp-element-caption\">Kupferpfanne mit Spiegelei<\/figcaption><\/figure>\n\n\n\n<figure class=\"wp-block-image size-large\"><img loading=\"lazy\" decoding=\"async\" width=\"1024\" height=\"763\" src=\"https:\/\/js-metalldesign.de\/wp-content\/uploads\/2023\/04\/20230420_220638_resized-1024x763.jpg\" alt=\"\" class=\"wp-image-68\" srcset=\"https:\/\/js-metalldesign.de\/wp-content\/uploads\/2023\/04\/20230420_220638_resized-1024x763.jpg 1024w, https:\/\/js-metalldesign.de\/wp-content\/uploads\/2023\/04\/20230420_220638_resized-300x223.jpg 300w, https:\/\/js-metalldesign.de\/wp-content\/uploads\/2023\/04\/20230420_220638_resized-768x572.jpg 768w, https:\/\/js-metalldesign.de\/wp-content\/uploads\/2023\/04\/20230420_220638_resized-1536x1144.jpg 1536w, https:\/\/js-metalldesign.de\/wp-content\/uploads\/2023\/04\/20230420_220638_resized.jpg 1947w\" sizes=\"auto, (max-width: 767px) 89vw, (max-width: 1000px) 54vw, (max-width: 1071px) 543px, 580px\" \/><figcaption class=\"wp-element-caption\">Kupfer und Edelstahl <\/figcaption><\/figure>\n\n\n\n<figure class=\"wp-block-image size-large\"><img loading=\"lazy\" decoding=\"async\" width=\"768\" height=\"1024\" src=\"https:\/\/js-metalldesign.de\/wp-content\/uploads\/2023\/04\/20230211_221819_resized-768x1024.jpg\" alt=\"\" class=\"wp-image-61\" srcset=\"https:\/\/js-metalldesign.de\/wp-content\/uploads\/2023\/04\/20230211_221819_resized-768x1024.jpg 768w, https:\/\/js-metalldesign.de\/wp-content\/uploads\/2023\/04\/20230211_221819_resized-225x300.jpg 225w, https:\/\/js-metalldesign.de\/wp-content\/uploads\/2023\/04\/20230211_221819_resized-1152x1536.jpg 1152w, https:\/\/js-metalldesign.de\/wp-content\/uploads\/2023\/04\/20230211_221819_resized.jpg 1500w\" sizes=\"auto, (max-width: 767px) 89vw, (max-width: 1000px) 54vw, (max-width: 1071px) 543px, 580px\" \/><figcaption class=\"wp-element-caption\">Fleischklopfer<\/figcaption><\/figure>\n\n\n\n<figure class=\"wp-block-image size-large\"><img loading=\"lazy\" decoding=\"async\" width=\"768\" height=\"1024\" src=\"https:\/\/js-metalldesign.de\/wp-content\/uploads\/2023\/04\/20230211_221941_resized-768x1024.jpg\" alt=\"\" class=\"wp-image-62\" srcset=\"https:\/\/js-metalldesign.de\/wp-content\/uploads\/2023\/04\/20230211_221941_resized-768x1024.jpg 768w, https:\/\/js-metalldesign.de\/wp-content\/uploads\/2023\/04\/20230211_221941_resized-225x300.jpg 225w, https:\/\/js-metalldesign.de\/wp-content\/uploads\/2023\/04\/20230211_221941_resized-1152x1536.jpg 1152w, https:\/\/js-metalldesign.de\/wp-content\/uploads\/2023\/04\/20230211_221941_resized.jpg 1500w\" sizes=\"auto, (max-width: 767px) 89vw, (max-width: 1000px) 54vw, (max-width: 1071px) 543px, 580px\" \/><figcaption class=\"wp-element-caption\">In diesem Pl\u00e4tter k\u00f6nnte sich auch Dein Schnitzel spiegeln \ud83d\ude09<\/figcaption><\/figure>\n\n\n\n<figure class=\"wp-block-image size-large\"><img loading=\"lazy\" decoding=\"async\" width=\"1024\" height=\"422\" src=\"https:\/\/js-metalldesign.de\/wp-content\/uploads\/2023\/04\/20230420_221634_resized-1024x422.jpg\" alt=\"\" class=\"wp-image-72\" srcset=\"https:\/\/js-metalldesign.de\/wp-content\/uploads\/2023\/04\/20230420_221634_resized-1024x422.jpg 1024w, https:\/\/js-metalldesign.de\/wp-content\/uploads\/2023\/04\/20230420_221634_resized-300x124.jpg 300w, https:\/\/js-metalldesign.de\/wp-content\/uploads\/2023\/04\/20230420_221634_resized-768x316.jpg 768w, https:\/\/js-metalldesign.de\/wp-content\/uploads\/2023\/04\/20230420_221634_resized-1536x633.jpg 1536w, https:\/\/js-metalldesign.de\/wp-content\/uploads\/2023\/04\/20230420_221634_resized.jpg 1983w\" sizes=\"auto, (max-width: 767px) 89vw, (max-width: 1000px) 54vw, (max-width: 1071px) 543px, 580px\" \/><figcaption class=\"wp-element-caption\">Pizzaroller, schneidet ALLES<\/figcaption><\/figure>\n\n\n\n<figure class=\"wp-block-image size-large\"><img loading=\"lazy\" decoding=\"async\" width=\"1024\" height=\"638\" src=\"https:\/\/js-metalldesign.de\/wp-content\/uploads\/2023\/04\/20230420_221307_resized-1024x638.jpg\" alt=\"\" class=\"wp-image-71\" srcset=\"https:\/\/js-metalldesign.de\/wp-content\/uploads\/2023\/04\/20230420_221307_resized-1024x638.jpg 1024w, https:\/\/js-metalldesign.de\/wp-content\/uploads\/2023\/04\/20230420_221307_resized-300x187.jpg 300w, https:\/\/js-metalldesign.de\/wp-content\/uploads\/2023\/04\/20230420_221307_resized-768x479.jpg 768w, https:\/\/js-metalldesign.de\/wp-content\/uploads\/2023\/04\/20230420_221307_resized-1536x957.jpg 1536w, https:\/\/js-metalldesign.de\/wp-content\/uploads\/2023\/04\/20230420_221307_resized.jpg 1897w\" sizes=\"auto, (max-width: 767px) 89vw, (max-width: 1000px) 54vw, (max-width: 1071px) 543px, 580px\" \/><figcaption class=\"wp-element-caption\">Kupfer WOK mit Edelstahl Griff<\/figcaption><\/figure>\n\n\n\n<h2 class=\"wp-block-heading\">Gastronomie<\/h2>\n\n\n\n<figure class=\"wp-block-image size-large is-resized\"><img loading=\"lazy\" decoding=\"async\" src=\"https:\/\/js-metalldesign.de\/wp-content\/uploads\/2023\/04\/20230420_220022_resized-786x1024.jpg\" alt=\"\" class=\"wp-image-64\" width=\"480\" height=\"625\" srcset=\"https:\/\/js-metalldesign.de\/wp-content\/uploads\/2023\/04\/20230420_220022_resized-786x1024.jpg 786w, https:\/\/js-metalldesign.de\/wp-content\/uploads\/2023\/04\/20230420_220022_resized-230x300.jpg 230w, https:\/\/js-metalldesign.de\/wp-content\/uploads\/2023\/04\/20230420_220022_resized-768x1001.jpg 768w, https:\/\/js-metalldesign.de\/wp-content\/uploads\/2023\/04\/20230420_220022_resized.jpg 951w\" sizes=\"auto, (max-width: 480px) 100vw, 480px\" \/><figcaption class=\"wp-element-caption\">Besteck R\u00f6hre f\u00fcr die Gastronomie<\/figcaption><\/figure>\n\n\n\n<h2 class=\"wp-block-heading\">Garten und Balkon<\/h2>\n\n\n\n<figure class=\"wp-block-image size-large\"><img loading=\"lazy\" decoding=\"async\" width=\"768\" height=\"1024\" src=\"https:\/\/js-metalldesign.de\/wp-content\/uploads\/2023\/04\/20230427_164428_resized-768x1024.jpg\" alt=\"Zus\u00e4tzliche Abstellm\u00f6glichkeiten gef\u00e4llig ?\" class=\"wp-image-88\" srcset=\"https:\/\/js-metalldesign.de\/wp-content\/uploads\/2023\/04\/20230427_164428_resized-768x1024.jpg 768w, https:\/\/js-metalldesign.de\/wp-content\/uploads\/2023\/04\/20230427_164428_resized-225x300.jpg 225w, https:\/\/js-metalldesign.de\/wp-content\/uploads\/2023\/04\/20230427_164428_resized-1152x1536.jpg 1152w, https:\/\/js-metalldesign.de\/wp-content\/uploads\/2023\/04\/20230427_164428_resized.jpg 1500w\" sizes=\"auto, (max-width: 767px) 89vw, (max-width: 1000px) 54vw, (max-width: 1071px) 543px, 580px\" \/><figcaption class=\"wp-element-caption\">Zus\u00e4tzliche Abstellm\u00f6glichkeiten gef\u00e4llig ? Mit einstellbarer Neigung sind unebene Fl\u00e4chen kein Problem.<\/figcaption><\/figure>\n\n\n\n<h2 class=\"wp-block-heading\">Grill &amp; Au\u00dfenk\u00fcche<\/h2>\n\n\n\n<figure class=\"wp-block-image size-large\"><img loading=\"lazy\" decoding=\"async\" width=\"1024\" height=\"423\" src=\"https:\/\/js-metalldesign.de\/wp-content\/uploads\/2023\/04\/20230420_220153_resized-1024x423.jpg\" alt=\"\" class=\"wp-image-65\" srcset=\"https:\/\/js-metalldesign.de\/wp-content\/uploads\/2023\/04\/20230420_220153_resized-1024x423.jpg 1024w, https:\/\/js-metalldesign.de\/wp-content\/uploads\/2023\/04\/20230420_220153_resized-300x124.jpg 300w, https:\/\/js-metalldesign.de\/wp-content\/uploads\/2023\/04\/20230420_220153_resized-768x318.jpg 768w, https:\/\/js-metalldesign.de\/wp-content\/uploads\/2023\/04\/20230420_220153_resized-1536x635.jpg 1536w, https:\/\/js-metalldesign.de\/wp-content\/uploads\/2023\/04\/20230420_220153_resized.jpg 1998w\" sizes=\"auto, (max-width: 767px) 89vw, (max-width: 1000px) 54vw, (max-width: 1071px) 543px, 580px\" \/><figcaption class=\"wp-element-caption\">Kupfer Grillplatte 3mm dick f\u00fcr geniale W\u00e4rmeverteilung<\/figcaption><\/figure>\n\n\n\n<h2 class=\"wp-block-heading\">Praktische Ideen f\u00fcr die Wohnung<\/h2>\n\n\n\n<figure class=\"wp-block-image size-large is-resized\"><img loading=\"lazy\" decoding=\"async\" src=\"https:\/\/js-metalldesign.de\/wp-content\/uploads\/2023\/04\/20230408_131528_resized-1024x768.jpg\" alt=\"\" class=\"wp-image-87\" width=\"319\" height=\"238\" srcset=\"https:\/\/js-metalldesign.de\/wp-content\/uploads\/2023\/04\/20230408_131528_resized-1024x768.jpg 1024w, https:\/\/js-metalldesign.de\/wp-content\/uploads\/2023\/04\/20230408_131528_resized-300x225.jpg 300w, https:\/\/js-metalldesign.de\/wp-content\/uploads\/2023\/04\/20230408_131528_resized-768x576.jpg 768w, https:\/\/js-metalldesign.de\/wp-content\/uploads\/2023\/04\/20230408_131528_resized-1536x1152.jpg 1536w, https:\/\/js-metalldesign.de\/wp-content\/uploads\/2023\/04\/20230408_131528_resized.jpg 2000w\" sizes=\"auto, (max-width: 319px) 100vw, 319px\" \/><figcaption class=\"wp-element-caption\">Pflanzen zum Licht bringen<\/figcaption><\/figure>\n\n\n\n<div class=\"wp-block-columns is-layout-flex wp-container-core-columns-is-layout-9d6595d7 wp-block-columns-is-layout-flex\">\n<div class=\"wp-block-column is-vertically-aligned-center is-layout-flow wp-block-column-is-layout-flow\" style=\"flex-basis:100%\">\n<figure class=\"wp-block-image size-large is-resized\"><img loading=\"lazy\" decoding=\"async\" src=\"https:\/\/js-metalldesign.de\/wp-content\/uploads\/2023\/04\/20230408_131429_resized_1-768x1024.jpg\" alt=\"\" class=\"wp-image-86\" width=\"314\" height=\"418\" srcset=\"https:\/\/js-metalldesign.de\/wp-content\/uploads\/2023\/04\/20230408_131429_resized_1-768x1024.jpg 768w, https:\/\/js-metalldesign.de\/wp-content\/uploads\/2023\/04\/20230408_131429_resized_1-225x300.jpg 225w, https:\/\/js-metalldesign.de\/wp-content\/uploads\/2023\/04\/20230408_131429_resized_1-1152x1536.jpg 1152w, https:\/\/js-metalldesign.de\/wp-content\/uploads\/2023\/04\/20230408_131429_resized_1.jpg 1500w\" sizes=\"auto, (max-width: 314px) 100vw, 314px\" \/><figcaption class=\"wp-element-caption\">Gel\u00e4nder Ecke mit VA Blech verkleidet<\/figcaption><\/figure>\n<\/div>\n<\/div>\n\n\n\n<figure class=\"wp-block-image size-large is-resized is-style-default\"><img loading=\"lazy\" decoding=\"async\" src=\"https:\/\/js-metalldesign.de\/wp-content\/uploads\/2023\/04\/20230331_135526_resized-1024x768.jpg\" alt=\"\" class=\"wp-image-85\" width=\"512\" height=\"384\" srcset=\"https:\/\/js-metalldesign.de\/wp-content\/uploads\/2023\/04\/20230331_135526_resized-1024x768.jpg 1024w, https:\/\/js-metalldesign.de\/wp-content\/uploads\/2023\/04\/20230331_135526_resized-300x225.jpg 300w, https:\/\/js-metalldesign.de\/wp-content\/uploads\/2023\/04\/20230331_135526_resized-768x576.jpg 768w, https:\/\/js-metalldesign.de\/wp-content\/uploads\/2023\/04\/20230331_135526_resized-1536x1152.jpg 1536w, https:\/\/js-metalldesign.de\/wp-content\/uploads\/2023\/04\/20230331_135526_resized.jpg 2000w\" sizes=\"auto, (max-width: 512px) 100vw, 512px\" \/><figcaption class=\"wp-element-caption\">Konsole f\u00fcr Waschtisch<\/figcaption><\/figure>\n","protected":false},"excerpt":{"rendered":"<p>K\u00fcche Gastronomie Garten und Balkon Grill &amp; Au\u00dfenk\u00fcche Praktische Ideen f\u00fcr die Wohnung<\/p>\n","protected":false},"author":1,"featured_media":0,"parent":0,"menu_order":0,"comment_status":"closed","ping_status":"closed","template":"","meta":{"footnotes":""},"class_list":["post-76","page","type-page","status-publish","hentry"],"_links":{"self":[{"href":"https:\/\/js-metalldesign.de\/index.php\/wp-json\/wp\/v2\/pages\/76","targetHints":{"allow":["GET"]}}],"collection":[{"href":"https:\/\/js-metalldesign.de\/index.php\/wp-json\/wp\/v2\/pages"}],"about":[{"href":"https:\/\/js-metalldesign.de\/index.php\/wp-json\/wp\/v2\/types\/page"}],"author":[{"embeddable":true,"href":"https:\/\/js-metalldesign.de\/index.php\/wp-json\/wp\/v2\/users\/1"}],"replies":[{"embeddable":true,"href":"https:\/\/js-metalldesign.de\/index.php\/wp-json\/wp\/v2\/comments?post=76"}],"version-history":[{"count":6,"href":"https:\/\/js-metalldesign.de\/index.php\/wp-json\/wp\/v2\/pages\/76\/revisions"}],"predecessor-version":[{"id":91,"href":"https:\/\/js-metalldesign.de\/index.php\/wp-json\/wp\/v2\/pages\/76\/revisions\/91"}],"wp:attachment":[{"href":"https:\/\/js-metalldesign.de\/index.php\/wp-json\/wp\/v2\/media?parent=76"}],"curies":[{"name":"wp","href":"https:\/\/api.w.org\/{rel}","templated":true}]}}