{"id":3,"date":"2023-04-04T18:02:23","date_gmt":"2023-04-04T18:02:23","guid":{"rendered":"https:\/\/js-metalldesign.de\/?page_id=3"},"modified":"2023-04-04T21:51:21","modified_gmt":"2023-04-04T19:51:21","slug":"privacy-policy","status":"publish","type":"page","link":"https:\/\/js-metalldesign.de\/index.php\/privacy-policy\/","title":{"rendered":"Privacy Policy \/ DSGVO"},"content":{"rendered":"\n<h1 class=\"wp-block-heading\"> Datenschutz<\/h1>\n\n\n\n<p>\u00a7 1 Allgemeines<\/p>\n\n\n\n<p>Ihre personenbezogenen Daten (z.B. Anrede, Name, Anschrift, E-Mail-Adresse, Telefonnummer, Bankverbindung, Kreditkartennummer) werden von uns nur gem\u00e4\u00df den Bestimmungen des deutschen Datenschutzrechts verarbeitet. Die nachfolgenden Vorschriften informieren Sie \u00fcber Art, Umfang und Zweck der Erhebung, Verarbeitung und Nutzung personenbezogener Daten. Diese Datenschutzerkl\u00e4rung bezieht sich nur auf unsere Webseiten. Falls Sie \u00fcber Links auf unseren Seiten auf andere Seiten weitergeleitet werden, informieren Sie sich bitte dort \u00fcber den jeweiligen Umgang mit Ihren Daten.<\/p>\n\n\n\n<p>\u00a7 2 Bestandsdaten<\/p>\n\n\n\n<p>(1) Ihre personenbezogenen Daten, soweit diese f\u00fcr die Begr\u00fcndung, inhaltliche Ausgestaltung oder \u00c4nderung des Vertragsverh\u00e4ltnisses erforderlich sind (Bestandsdaten), werden ausschlie\u00dflich zur Vertragsabwicklung verwendet. So muss z.B. zur Zustellung von Briefen Ihr Name und Ihre Anschrift an den Versanddienstleister weitergegeben werden.<\/p>\n\n\n\n<p>(2) Ohne Ihre ausdr\u00fcckliche Einwilligung oder ohne gesetzliche Grundlage werden Ihre personenbezogenen Daten nicht an au\u00dferhalb der Vertragsbeziehung stehende Dritte weitergegeben. Nach vollst\u00e4ndigem Ende des Vertragsverh\u00e4ltnisses werden Ihre Daten, z.B. Passw\u00f6rter und f\u00fcr Sie angelegte Kreativdaten archiviert, d.h. gesichert und verschl\u00fcsselt aufbewahrt. Eine Verwendung der Daten findet nicht mehr statt. Nach Ablauf von zehn Jahren werden Kundendaten gel\u00f6scht, es sei denn, Kundin oder Kundin h\u00e4tte um weitere Speicherung gebeten.<\/p>\n\n\n\n<p>\u00a7 3 Kommentare<\/p>\n\n\n\n<p>Es besteht keine M\u00f6glichkeit, einen Kommentar zu verfassen. Bis zur Kl\u00e4rung der Rechtslage sind die interaktiven Funktionen abgeschaltet.<\/p>\n\n\n\n<p>\u00a7 4 Webanalyse: Cookies, Google Analytics<\/p>\n\n\n\n<p>Diese Website benutzt weder Google Analytics, noch Tracking, noch andere Webanalysedienste. der Google Inc. (\u201eGoogle\u201e). Ebensowenig verwendet werden sog. \u201eCookies\u201e, Textdateien, die auf Ihrem Computer gespeichert werden und die eine Analyse der Benutzung der Website durch Sie erm\u00f6glichen.<\/p>\n\n\n\n<p>\u00a7 5 Auskunft<\/p>\n\n\n\n<p>Nach dem Bundesdatenschutzgesetz (BDSG) haben Sie ein Recht auf unentgeltliche Auskunft \u00fcber Ihre gespeicherten Daten sowie ggf. ein Recht auf Berichtigung, Sperrung oder L\u00f6schung dieser Daten.<\/p>\n\n\n\n<p>Verantwortlicher f\u00fcr die Datenverarbeitung:<\/p>\n\n\n\n<p>Dipl.-Ing. J\u00fcrgen Schmollinger<\/p>\n\n\n\n<p>Jakob-Reiner-Str. 18<br>88250 Weingarten<\/p>\n\n\n\n<p>Telefon: O176 \/ 38664455<br>E-Mail: info@js-metalldesign.de<\/p>\n\n\n\n<h2 class=\"wp-block-heading\"><\/h2>\n","protected":false},"excerpt":{"rendered":"<p>Datenschutz \u00a7 1 Allgemeines Ihre personenbezogenen Daten (z.B. Anrede, Name, Anschrift, E-Mail-Adresse, Telefonnummer, Bankverbindung, Kreditkartennummer) werden von uns nur gem\u00e4\u00df den Bestimmungen des deutschen Datenschutzrechts verarbeitet. Die nachfolgenden Vorschriften informieren Sie \u00fcber Art, Umfang und Zweck der Erhebung, Verarbeitung und Nutzung personenbezogener Daten. Diese Datenschutzerkl\u00e4rung bezieht sich nur auf unsere Webseiten. Falls Sie \u00fcber Links &hellip; <\/p>\n<p class=\"link-more\"><a href=\"https:\/\/js-metalldesign.de\/index.php\/privacy-policy\/\" class=\"more-link\"><span class=\"screen-reader-text\">\u201ePrivacy Policy \/ DSGVO\u201c<\/span> weiterlesen<\/a><\/p>\n","protected":false},"author":1,"featured_media":0,"parent":0,"menu_order":0,"comment_status":"closed","ping_status":"open","template":"","meta":{"footnotes":""},"class_list":["post-3","page","type-page","status-publish","hentry"],"_links":{"self":[{"href":"https:\/\/js-metalldesign.de\/index.php\/wp-json\/wp\/v2\/pages\/3","targetHints":{"allow":["GET"]}}],"collection":[{"href":"https:\/\/js-metalldesign.de\/index.php\/wp-json\/wp\/v2\/pages"}],"about":[{"href":"https:\/\/js-metalldesign.de\/index.php\/wp-json\/wp\/v2\/types\/page"}],"author":[{"embeddable":true,"href":"https:\/\/js-metalldesign.de\/index.php\/wp-json\/wp\/v2\/users\/1"}],"replies":[{"embeddable":true,"href":"https:\/\/js-metalldesign.de\/index.php\/wp-json\/wp\/v2\/comments?post=3"}],"version-history":[{"count":1,"href":"https:\/\/js-metalldesign.de\/index.php\/wp-json\/wp\/v2\/pages\/3\/revisions"}],"predecessor-version":[{"id":39,"href":"https:\/\/js-metalldesign.de\/index.php\/wp-json\/wp\/v2\/pages\/3\/revisions\/39"}],"wp:attachment":[{"href":"https:\/\/js-metalldesign.de\/index.php\/wp-json\/wp\/v2\/media?parent=3"}],"curies":[{"name":"wp","href":"https:\/\/api.w.org\/{rel}","templated":true}]}}